{"id":349,"date":"2025-06-07T18:08:13","date_gmt":"2025-06-07T16:08:13","guid":{"rendered":"https:\/\/rompac.ro\/?page_id=349"},"modified":"2025-06-07T23:21:29","modified_gmt":"2025-06-07T21:21:29","slug":"acasa","status":"publish","type":"page","link":"https:\/\/rompac.ro\/","title":{"rendered":"ACAS\u0102"},"content":{"rendered":"\t\t<div data-elementor-type=\"wp-page\" data-elementor-id=\"349\" class=\"elementor elementor-349\">\n\t\t\t\t<div class=\"elementor-element elementor-element-be738ac e-flex e-con-boxed e-con e-parent\" data-id=\"be738ac\" data-element_type=\"container\">\n\t\t\t\t\t<div class=\"e-con-inner\">\n\t\t<div class=\"elementor-element elementor-element-37c0c1a e-con-full e-flex e-con e-child\" data-id=\"37c0c1a\" data-element_type=\"container\">\n\t\t\t\t<div class=\"elementor-element elementor-element-92626cc elementor-widget elementor-widget-text-editor\" data-id=\"92626cc\" data-element_type=\"widget\" data-widget_type=\"text-editor.default\">\n\t\t\t\t<div class=\"elementor-widget-container\">\n\t\t\t\t\t\t\t\t\t<h4 style=\"text-align: center;\"><span style=\"color: #ffffff;\"><strong>Peste <\/strong><\/span><\/h4><h4 style=\"text-align: center;\"><span style=\"color: #ffffff;\"><strong>32<\/strong><\/span><\/h4><h4 style=\"text-align: center;\"><span style=\"color: #ffffff;\"><strong> de ani de experien\u021b\u0103<\/strong><\/span><\/h4>\t\t\t\t\t\t\t\t<\/div>\n\t\t\t\t<\/div>\n\t\t\t\t<\/div>\n\t\t<div class=\"elementor-element elementor-element-18868f2 e-con-full e-flex e-con e-child\" data-id=\"18868f2\" data-element_type=\"container\">\n\t\t\t\t<div class=\"elementor-element elementor-element-7769a08 elementor-widget elementor-widget-text-editor\" data-id=\"7769a08\" data-element_type=\"widget\" data-widget_type=\"text-editor.default\">\n\t\t\t\t<div class=\"elementor-widget-container\">\n\t\t\t\t\t\t\t\t\t<h4 style=\"text-align: center;\"><strong><span style=\"color: #ffffff;\">Peste\u00a0<\/span><\/strong><\/h4><h4 style=\"text-align: center;\"><strong><span style=\"color: #ffffff;\">1.000.000<\/span><\/strong><\/h4><h4 style=\"text-align: center;\"><strong><span style=\"color: #ffffff;\">\u00a0de clien\u021bi satisf\u0103cu\u021bi<\/span><\/strong><\/h4>\t\t\t\t\t\t\t\t<\/div>\n\t\t\t\t<\/div>\n\t\t\t\t<\/div>\n\t\t<div class=\"elementor-element elementor-element-401214d e-con-full e-flex e-con e-child\" data-id=\"401214d\" data-element_type=\"container\">\n\t\t\t\t<div class=\"elementor-element elementor-element-f765422 elementor-widget elementor-widget-text-editor\" data-id=\"f765422\" data-element_type=\"widget\" data-widget_type=\"text-editor.default\">\n\t\t\t\t<div class=\"elementor-widget-container\">\n\t\t\t\t\t\t\t\t\t<h4 style=\"text-align: center;\"><span style=\"color: #ffffff;\"><strong>40 de angaja\u021bi<\/strong><\/span><\/h4><h4 style=\"text-align: center;\"><span style=\"color: #ffffff;\"><strong>speciali\u0219ti\u00a0<\/strong><\/span><\/h4><h4 style=\"text-align: center;\"><span style=\"color: #ffffff;\"><strong>v\u0103 stau la dispozi\u021bie<\/strong><\/span><\/h4>\t\t\t\t\t\t\t\t<\/div>\n\t\t\t\t<\/div>\n\t\t\t\t<\/div>\n\t\t<div class=\"elementor-element elementor-element-57b8f16 e-con-full e-flex e-con e-child\" data-id=\"57b8f16\" data-element_type=\"container\">\n\t\t\t\t<div class=\"elementor-element elementor-element-8a4110b elementor-widget__width-initial elementor-widget elementor-widget-text-editor\" data-id=\"8a4110b\" data-element_type=\"widget\" data-widget_type=\"text-editor.default\">\n\t\t\t\t<div class=\"elementor-widget-container\">\n\t\t\t\t\t\t\t\t\t<p>De-a lungul celor peste <strong>32 de ani de activitate<\/strong>, am reu\u0219it s\u0103 c\u00e2\u0219tig\u0103m <strong>\u00eencrederea a peste 1.000.000 de clien\u021bi<\/strong> prin servicii auto de \u00eenalt\u0103 calitate, profesionalism \u0219i responsabilitate.<\/p><p>Fie c\u0103 este vorba despre <strong>camioane, semiremorci, utilaje, autoutilitare sau autoturisme<\/strong>, echipa noastr\u0103 de <strong>speciali\u0219ti<\/strong> este preg\u0103tit\u0103 s\u0103 ofere solu\u021bii rapide \u0219i eficiente, asigur\u00e2nd func\u021bionarea optim\u0103 a fiec\u0103rui vehicul.<\/p><p><!--EndFragment --><\/p>\t\t\t\t\t\t\t\t<\/div>\n\t\t\t\t<\/div>\n\t\t\t\t<div class=\"elementor-element elementor-element-ce66ee5 elementor-widget elementor-widget-google_maps\" data-id=\"ce66ee5\" data-element_type=\"widget\" data-widget_type=\"google_maps.default\">\n\t\t\t\t<div class=\"elementor-widget-container\">\n\t\t\t\t\t\t\t<div class=\"elementor-custom-embed\">\n\t\t\t<iframe loading=\"lazy\"\n\t\t\t\t\tsrc=\"https:\/\/maps.google.com\/maps?q=spsc%20rompac%20oradea&#038;t=m&#038;z=10&#038;output=embed&#038;iwloc=near\"\n\t\t\t\t\ttitle=\"spsc rompac oradea\"\n\t\t\t\t\taria-label=\"spsc rompac oradea\"\n\t\t\t><\/iframe>\n\t\t<\/div>\n\t\t\t\t\t\t<\/div>\n\t\t\t\t<\/div>\n\t\t\t\t<div class=\"elementor-element elementor-element-e49df7e elementor-widget elementor-widget-google_maps\" data-id=\"e49df7e\" data-element_type=\"widget\" data-widget_type=\"google_maps.default\">\n\t\t\t\t<div class=\"elementor-widget-container\">\n\t\t\t\t\t\t\t<div class=\"elementor-custom-embed\">\n\t\t\t<iframe loading=\"lazy\"\n\t\t\t\t\tsrc=\"https:\/\/maps.google.com\/maps?q=spsc%20rompac%20ineu&#038;t=m&#038;z=10&#038;output=embed&#038;iwloc=near\"\n\t\t\t\t\ttitle=\"spsc rompac ineu\"\n\t\t\t\t\taria-label=\"spsc rompac ineu\"\n\t\t\t><\/iframe>\n\t\t<\/div>\n\t\t\t\t\t\t<\/div>\n\t\t\t\t<\/div>\n\t\t\t\t<div class=\"elementor-element elementor-element-b90bbf6 elementor-widget elementor-widget-image-gallery\" data-id=\"b90bbf6\" data-element_type=\"widget\" data-widget_type=\"image-gallery.default\">\n\t\t\t\t<div class=\"elementor-widget-container\">\n\t\t\t\t\t\t\t<div class=\"elementor-image-gallery\">\n\t\t\t<div id='gallery-1' class='gallery galleryid-349 gallery-columns-6 gallery-size-medium'><figure class='gallery-item'>\n\t\t\t<div class='gallery-icon landscape'>\n\t\t\t\t<a data-elementor-open-lightbox=\"yes\" data-elementor-lightbox-slideshow=\"b90bbf6\" data-elementor-lightbox-title=\"Logo-Auto-Total-400-1-e1540477075875\" data-e-action-hash=\"#elementor-action%3Aaction%3Dlightbox%26settings%3DeyJpZCI6MzUwLCJ1cmwiOiJodHRwczpcL1wvcm9tcGFjLnJvXC93cC1jb250ZW50XC91cGxvYWRzXC8yMDI1XC8wNlwvTG9nby1BdXRvLVRvdGFsLTQwMC0xLWUxNTQwNDc3MDc1ODc1LnBuZyIsInNsaWRlc2hvdyI6ImI5MGJiZjYifQ%3D%3D\" href='https:\/\/rompac.ro\/wp-content\/uploads\/2025\/06\/Logo-Auto-Total-400-1-e1540477075875.png'><img fetchpriority=\"high\" decoding=\"async\" width=\"300\" height=\"233\" src=\"https:\/\/rompac.ro\/wp-content\/uploads\/2025\/06\/Logo-Auto-Total-400-1-e1540477075875.png\" class=\"attachment-medium size-medium\" alt=\"\" \/><\/a>\n\t\t\t<\/div><\/figure><figure class='gallery-item'>\n\t\t\t<div class='gallery-icon landscape'>\n\t\t\t\t<a data-elementor-open-lightbox=\"yes\" data-elementor-lightbox-slideshow=\"b90bbf6\" data-elementor-lightbox-title=\"images\" data-e-action-hash=\"#elementor-action%3Aaction%3Dlightbox%26settings%3DeyJpZCI6MzU4LCJ1cmwiOiJodHRwczpcL1wvcm9tcGFjLnJvXC93cC1jb250ZW50XC91cGxvYWRzXC8yMDI1XC8wNlwvaW1hZ2VzLmpwZWciLCJzbGlkZXNob3ciOiJiOTBiYmY2In0%3D\" href='https:\/\/rompac.ro\/wp-content\/uploads\/2025\/06\/images.jpeg'><img decoding=\"async\" width=\"225\" height=\"225\" src=\"https:\/\/rompac.ro\/wp-content\/uploads\/2025\/06\/images.jpeg\" class=\"attachment-medium size-medium\" alt=\"\" srcset=\"https:\/\/rompac.ro\/wp-content\/uploads\/2025\/06\/images.jpeg 225w, https:\/\/rompac.ro\/wp-content\/uploads\/2025\/06\/images-150x150.jpeg 150w\" sizes=\"(max-width: 225px) 100vw, 225px\" \/><\/a>\n\t\t\t<\/div><\/figure><figure class='gallery-item'>\n\t\t\t<div class='gallery-icon landscape'>\n\t\t\t\t<a data-elementor-open-lightbox=\"yes\" data-elementor-lightbox-slideshow=\"b90bbf6\" data-elementor-lightbox-title=\"68690\" data-e-action-hash=\"#elementor-action%3Aaction%3Dlightbox%26settings%3DeyJpZCI6MzYwLCJ1cmwiOiJodHRwczpcL1wvcm9tcGFjLnJvXC93cC1jb250ZW50XC91cGxvYWRzXC8yMDI1XC8wNlwvNjg2OTAuanBnIiwic2xpZGVzaG93IjoiYjkwYmJmNiJ9\" href='https:\/\/rompac.ro\/wp-content\/uploads\/2025\/06\/68690.jpg'><img decoding=\"async\" width=\"150\" height=\"150\" src=\"https:\/\/rompac.ro\/wp-content\/uploads\/2025\/06\/68690.jpg\" class=\"attachment-medium size-medium\" alt=\"\" \/><\/a>\n\t\t\t<\/div><\/figure><figure class='gallery-item'>\n\t\t\t<div class='gallery-icon landscape'>\n\t\t\t\t<a data-elementor-open-lightbox=\"yes\" data-elementor-lightbox-slideshow=\"b90bbf6\" data-elementor-lightbox-title=\"android-icon-192x192\" data-e-action-hash=\"#elementor-action%3Aaction%3Dlightbox%26settings%3DeyJpZCI6MzYxLCJ1cmwiOiJodHRwczpcL1wvcm9tcGFjLnJvXC93cC1jb250ZW50XC91cGxvYWRzXC8yMDI1XC8wNlwvYW5kcm9pZC1pY29uLTE5MngxOTItMS53ZWJwIiwic2xpZGVzaG93IjoiYjkwYmJmNiJ9\" href='https:\/\/rompac.ro\/wp-content\/uploads\/2025\/06\/android-icon-192x192-1.webp'><img loading=\"lazy\" decoding=\"async\" width=\"192\" height=\"192\" src=\"https:\/\/rompac.ro\/wp-content\/uploads\/2025\/06\/android-icon-192x192-1.webp\" class=\"attachment-medium size-medium\" alt=\"\" srcset=\"https:\/\/rompac.ro\/wp-content\/uploads\/2025\/06\/android-icon-192x192-1.webp 192w, https:\/\/rompac.ro\/wp-content\/uploads\/2025\/06\/android-icon-192x192-1-150x150.webp 150w\" sizes=\"(max-width: 192px) 100vw, 192px\" \/><\/a>\n\t\t\t<\/div><\/figure><figure class='gallery-item'>\n\t\t\t<div class='gallery-icon landscape'>\n\t\t\t\t<a data-elementor-open-lightbox=\"yes\" data-elementor-lightbox-slideshow=\"b90bbf6\" data-elementor-lightbox-title=\"bardi-auto-logo_fb2_RO\" data-e-action-hash=\"#elementor-action%3Aaction%3Dlightbox%26settings%3DeyJpZCI6MzYzLCJ1cmwiOiJodHRwczpcL1wvcm9tcGFjLnJvXC93cC1jb250ZW50XC91cGxvYWRzXC8yMDI1XC8wNlwvYmFyZGktYXV0by1sb2dvX2ZiMl9STy5wbmciLCJzbGlkZXNob3ciOiJiOTBiYmY2In0%3D\" href='https:\/\/rompac.ro\/wp-content\/uploads\/2025\/06\/bardi-auto-logo_fb2_RO.png'><img loading=\"lazy\" decoding=\"async\" width=\"300\" height=\"300\" src=\"https:\/\/rompac.ro\/wp-content\/uploads\/2025\/06\/bardi-auto-logo_fb2_RO-300x300.png\" class=\"attachment-medium size-medium\" alt=\"\" srcset=\"https:\/\/rompac.ro\/wp-content\/uploads\/2025\/06\/bardi-auto-logo_fb2_RO-300x300.png 300w, https:\/\/rompac.ro\/wp-content\/uploads\/2025\/06\/bardi-auto-logo_fb2_RO-150x150.png 150w, https:\/\/rompac.ro\/wp-content\/uploads\/2025\/06\/bardi-auto-logo_fb2_RO.png 600w\" sizes=\"(max-width: 300px) 100vw, 300px\" \/><\/a>\n\t\t\t<\/div><\/figure><figure class='gallery-item'>\n\t\t\t<div class='gallery-icon landscape'>\n\t\t\t\t<a data-elementor-open-lightbox=\"yes\" data-elementor-lightbox-slideshow=\"b90bbf6\" data-elementor-lightbox-title=\"images (2)\" data-e-action-hash=\"#elementor-action%3Aaction%3Dlightbox%26settings%3DeyJpZCI6MzY0LCJ1cmwiOiJodHRwczpcL1wvcm9tcGFjLnJvXC93cC1jb250ZW50XC91cGxvYWRzXC8yMDI1XC8wNlwvaW1hZ2VzLTIuanBlZyIsInNsaWRlc2hvdyI6ImI5MGJiZjYifQ%3D%3D\" href='https:\/\/rompac.ro\/wp-content\/uploads\/2025\/06\/images-2.jpeg'><img loading=\"lazy\" decoding=\"async\" width=\"225\" height=\"225\" src=\"https:\/\/rompac.ro\/wp-content\/uploads\/2025\/06\/images-2.jpeg\" class=\"attachment-medium size-medium\" alt=\"\" srcset=\"https:\/\/rompac.ro\/wp-content\/uploads\/2025\/06\/images-2.jpeg 225w, https:\/\/rompac.ro\/wp-content\/uploads\/2025\/06\/images-2-150x150.jpeg 150w\" sizes=\"(max-width: 225px) 100vw, 225px\" \/><\/a>\n\t\t\t<\/div><\/figure>\n\t\t<\/div>\n\t\t<\/div>\n\t\t\t\t\t\t<\/div>\n\t\t\t\t<\/div>\n\t\t\t\t<\/div>\n\t\t\t\t\t<\/div>\n\t\t\t\t<\/div>\n\t\t\t\t<\/div>\n\t\t","protected":false},"excerpt":{"rendered":"<p>Peste 32 de ani de experien\u021b\u0103 Peste\u00a0 1.000.000 \u00a0de clien\u021bi satisf\u0103cu\u021bi 40 de angaja\u021bi speciali\u0219ti\u00a0 v\u0103 stau la dispozi\u021bie De-a lungul celor peste 32 de ani de activitate, am reu\u0219it s\u0103 c\u00e2\u0219tig\u0103m \u00eencrederea a peste 1.000.000 de clien\u021bi prin servicii auto de \u00eenalt\u0103 calitate, profesionalism \u0219i responsabilitate. Fie c\u0103 este vorba despre camioane, semiremorci, utilaje, [&hellip;]<\/p>\n","protected":false},"author":1,"featured_media":0,"parent":0,"menu_order":0,"comment_status":"closed","ping_status":"closed","template":"","meta":{"footnotes":""},"class_list":["post-349","page","type-page","status-publish","hentry"],"jetpack_sharing_enabled":true,"_links":{"self":[{"href":"https:\/\/rompac.ro\/index.php\/wp-json\/wp\/v2\/pages\/349","targetHints":{"allow":["GET"]}}],"collection":[{"href":"https:\/\/rompac.ro\/index.php\/wp-json\/wp\/v2\/pages"}],"about":[{"href":"https:\/\/rompac.ro\/index.php\/wp-json\/wp\/v2\/types\/page"}],"author":[{"embeddable":true,"href":"https:\/\/rompac.ro\/index.php\/wp-json\/wp\/v2\/users\/1"}],"replies":[{"embeddable":true,"href":"https:\/\/rompac.ro\/index.php\/wp-json\/wp\/v2\/comments?post=349"}],"version-history":[{"count":16,"href":"https:\/\/rompac.ro\/index.php\/wp-json\/wp\/v2\/pages\/349\/revisions"}],"predecessor-version":[{"id":394,"href":"https:\/\/rompac.ro\/index.php\/wp-json\/wp\/v2\/pages\/349\/revisions\/394"}],"wp:attachment":[{"href":"https:\/\/rompac.ro\/index.php\/wp-json\/wp\/v2\/media?parent=349"}],"curies":[{"name":"wp","href":"https:\/\/api.w.org\/{rel}","templated":true}]}}