{"id":154,"date":"2025-05-30T15:33:00","date_gmt":"2025-05-30T13:33:00","guid":{"rendered":"https:\/\/rompac.ro\/?page_id=154"},"modified":"2025-06-07T17:33:12","modified_gmt":"2025-06-07T15:33:12","slug":"despre-noi","status":"publish","type":"page","link":"https:\/\/rompac.ro\/index.php\/despre-noi\/","title":{"rendered":"DESPRE NOI"},"content":{"rendered":"\t\t<div data-elementor-type=\"wp-page\" data-elementor-id=\"154\" class=\"elementor elementor-154\">\n\t\t\t\t<div class=\"elementor-element elementor-element-f8c383e e-flex e-con-boxed e-con e-parent\" data-id=\"f8c383e\" data-element_type=\"container\">\n\t\t\t\t\t<div class=\"e-con-inner\">\n\t\t\t\t<div class=\"elementor-element elementor-element-b098055 elementor-widget elementor-widget-text-editor\" data-id=\"b098055\" data-element_type=\"widget\" data-widget_type=\"text-editor.default\">\n\t\t\t\t<div class=\"elementor-widget-container\">\n\t\t\t\t\t\t\t\t\t<p>Fondat\u0103 \u00een <strong>1993, SPSC ROMPAC SRL<\/strong> este o companie cu o vast\u0103 experien\u021b\u0103 \u00een domeniul auto, oferind servicii de \u00eenalt\u0103 calitate \u00een <strong>Oradea (Bihor), Ineu (Arad).<\/strong><br \/><strong>Profesionalism, calitate \u0219i responsabilitate<\/strong> \u2013 acestea sunt valorile care definesc activitatea noastr\u0103 \u0219i stau la baza fiec\u0103rui serviciu pe care \u00eel furniz\u0103m. Echipa noastr\u0103 de speciali\u0219ti dispune de expertiz\u0103 tehnic\u0103 \u0219i echipamente moderne, asigur\u00e2nd solu\u021bii eficiente \u0219i sigure pentru fiecare client.<br \/>Prin angajamentul nostru fa\u021b\u0103 de excelen\u021b\u0103, ne-am consolidat reputa\u021bia ca partener de \u00eencredere \u00een industrie, deservind cu seriozitate \u0219i promptitudine clien\u021bii din zona noastr\u0103 de activitate. Indiferent de nevoile tale, <strong>SPSC ROMPAC SRL<\/strong> este alegerea ideal\u0103 pentru servicii auto profesionale.<\/p><p>Pentru a va asigura cea mai buna calitate a serviciilor, va stam la dispozitie cu o echipa de ingineri si mecanici specializati, precum si aparatura si echipamente preofesionale.<\/p><p class=\"mb-0\">Pentru a rezolva orice problema aparuta la camionul dvs, apelati cu incredere la noi!<\/p>\t\t\t\t\t\t\t\t<\/div>\n\t\t\t\t<\/div>\n\t\t\t\t\t<\/div>\n\t\t\t\t<\/div>\n\t\t\t\t<\/div>\n\t\t","protected":false},"excerpt":{"rendered":"<p>Fondat\u0103 \u00een 1993, SPSC ROMPAC SRL este o companie cu o vast\u0103 experien\u021b\u0103 \u00een domeniul auto, oferind servicii de \u00eenalt\u0103 calitate \u00een Oradea (Bihor), Ineu (Arad).Profesionalism, calitate \u0219i responsabilitate \u2013 acestea sunt valorile care definesc activitatea noastr\u0103 \u0219i stau la baza fiec\u0103rui serviciu pe care \u00eel furniz\u0103m. Echipa noastr\u0103 de speciali\u0219ti dispune de expertiz\u0103 tehnic\u0103 [&hellip;]<\/p>\n","protected":false},"author":1,"featured_media":0,"parent":0,"menu_order":0,"comment_status":"closed","ping_status":"closed","template":"","meta":{"footnotes":""},"class_list":["post-154","page","type-page","status-publish","hentry"],"jetpack_sharing_enabled":true,"_links":{"self":[{"href":"https:\/\/rompac.ro\/index.php\/wp-json\/wp\/v2\/pages\/154","targetHints":{"allow":["GET"]}}],"collection":[{"href":"https:\/\/rompac.ro\/index.php\/wp-json\/wp\/v2\/pages"}],"about":[{"href":"https:\/\/rompac.ro\/index.php\/wp-json\/wp\/v2\/types\/page"}],"author":[{"embeddable":true,"href":"https:\/\/rompac.ro\/index.php\/wp-json\/wp\/v2\/users\/1"}],"replies":[{"embeddable":true,"href":"https:\/\/rompac.ro\/index.php\/wp-json\/wp\/v2\/comments?post=154"}],"version-history":[{"count":6,"href":"https:\/\/rompac.ro\/index.php\/wp-json\/wp\/v2\/pages\/154\/revisions"}],"predecessor-version":[{"id":348,"href":"https:\/\/rompac.ro\/index.php\/wp-json\/wp\/v2\/pages\/154\/revisions\/348"}],"wp:attachment":[{"href":"https:\/\/rompac.ro\/index.php\/wp-json\/wp\/v2\/media?parent=154"}],"curies":[{"name":"wp","href":"https:\/\/api.w.org\/{rel}","templated":true}]}}